{"id":600,"date":"2023-11-20T21:50:27","date_gmt":"2023-11-20T18:50:27","guid":{"rendered":"https:\/\/www.ardafreze.com\/?page_id=600"},"modified":"2023-11-20T23:14:20","modified_gmt":"2023-11-20T20:14:20","slug":"about-us","status":"publish","type":"page","link":"https:\/\/www.ardafreze.com\/en\/about-us\/","title":{"rendered":"About Us"},"content":{"rendered":"<h1><span style=\"color: #000080;\"><strong>ARDA FREZE D\u0130\u015eL\u0130 ve MAK\u0130NE SANAY\u0130<\/strong><\/span><\/h1>\n<p>Our company, which started its operations as Arda Freze in 1958, has a very large portfolio of various spare parts manufacturing and subcontracted parts manufacturing, mainly gear manufacturing. Thanks to more than 60 years of sectoral knowledge and experience, we can produce maximum functional products that can quickly respond to customer needs. We can offer special offers to our customers for high quantity orders.<\/p>\n<h2><span style=\"color: #000080;\"><strong>OUR MISSION<\/strong><\/span><\/h2>\n<p>To be a customer satisfaction-oriented company that aims at the continuous improvement and development required by the industry in the domestic and global markets, embraces innovation and technology, does not compromise on trained personnel and quality production.<\/p>\n<h2><span style=\"color: #000080;\"><strong>OUR VISION<\/strong><\/span><\/h2>\n<div>\n<p>To be a leading company in its sector that follows technological developments in its sector, can use facilities, machinery and equipment efficiently, can offer special solutions to its customers with a trained, highly motivated and responsible team, and aims for continuous development and profitability.<\/p>\n<\/div>\n<div><\/div>\n<div><strong style=\"color: #000080; font-size: 23.04px;\">COMPANY PRESENTATION<\/strong><\/div>\n<div><\/div>\n<div><div class=\"_df_book df-lite\" id=\"df_434\"  _slug=\"arda-freze-sunum\" data-title=\"arda-freze-sunum\" wpoptions=\"true\" thumb=\"https:\/\/www.ardafreze.com\/wp-content\/uploads\/2023\/03\/arda-freze.png\" thumbtype=\"\" ><\/div><script class=\"df-shortcode-script\" nowprocket type=\"application\/javascript\">window.option_df_434 = {\"outline\":[],\"autoEnableOutline\":\"false\",\"autoEnableThumbnail\":\"false\",\"overwritePDFOutline\":\"false\",\"direction\":\"1\",\"pageSize\":\"0\",\"source\":\"https:\\\/\\\/www.ardafreze.com\\\/wp-content\\\/uploads\\\/2023\\\/09\\\/Arda-Freze-Sunum.pdf\",\"wpOptions\":\"true\"}; if(window.DFLIP && window.DFLIP.parseBooks){window.DFLIP.parseBooks();}<\/script><\/div>\n","protected":false},"excerpt":{"rendered":"<p>ARDA FREZE D\u0130\u015eL\u0130 ve MAK\u0130NE SANAY\u0130 Our company, which started its operations as Arda Freze in 1958, has a very large portfolio of various spare parts manufacturing and subcontracted parts manufacturing, mainly gear manufacturing. Thanks to more than 60 years of sectoral knowledge and experience, we can produce maximum functional products that can quickly respond [&#8230;]\n","protected":false},"author":1,"featured_media":0,"parent":0,"menu_order":0,"comment_status":"closed","ping_status":"closed","template":"page-blank-title-center.php","meta":{"_themeisle_gutenberg_block_has_review":false,"_joinchat":[],"footnotes":""},"class_list":["post-600","page","type-page","status-publish","hentry"],"_links":{"self":[{"href":"https:\/\/www.ardafreze.com\/en\/wp-json\/wp\/v2\/pages\/600","targetHints":{"allow":["GET"]}}],"collection":[{"href":"https:\/\/www.ardafreze.com\/en\/wp-json\/wp\/v2\/pages"}],"about":[{"href":"https:\/\/www.ardafreze.com\/en\/wp-json\/wp\/v2\/types\/page"}],"author":[{"embeddable":true,"href":"https:\/\/www.ardafreze.com\/en\/wp-json\/wp\/v2\/users\/1"}],"replies":[{"embeddable":true,"href":"https:\/\/www.ardafreze.com\/en\/wp-json\/wp\/v2\/comments?post=600"}],"version-history":[{"count":1,"href":"https:\/\/www.ardafreze.com\/en\/wp-json\/wp\/v2\/pages\/600\/revisions"}],"predecessor-version":[{"id":601,"href":"https:\/\/www.ardafreze.com\/en\/wp-json\/wp\/v2\/pages\/600\/revisions\/601"}],"wp:attachment":[{"href":"https:\/\/www.ardafreze.com\/en\/wp-json\/wp\/v2\/media?parent=600"}],"curies":[{"name":"wp","href":"https:\/\/api.w.org\/{rel}","templated":true}]}}