{"id":589,"date":"2023-11-20T21:37:04","date_gmt":"2023-11-20T18:37:04","guid":{"rendered":"https:\/\/www.ardafreze.com\/?page_id=589"},"modified":"2023-11-27T14:26:43","modified_gmt":"2023-11-27T11:26:43","slug":"home","status":"publish","type":"page","link":"https:\/\/www.ardafreze.com\/en\/","title":{"rendered":"Home"},"content":{"rendered":"<div class=\"slider-wrapper relative\" id=\"slider-2050021495\" >\n    <div class=\"slider slider-nav-circle slider-nav-large slider-nav-light slider-style-normal\"\n        data-flickity-options='{\n            \"cellAlign\": \"center\",\n            \"imagesLoaded\": true,\n            \"lazyLoad\": 1,\n            \"freeScroll\": false,\n            \"wrapAround\": true,\n            \"autoPlay\": 6000,\n            \"pauseAutoPlayOnHover\" : true,\n            \"prevNextButtons\": true,\n            \"contain\" : true,\n            \"adaptiveHeight\" : true,\n            \"dragThreshold\" : 10,\n            \"percentPosition\": true,\n            \"pageDots\": true,\n            \"rightToLeft\": false,\n            \"draggable\": true,\n            \"selectedAttraction\": 0.1,\n            \"parallax\" : 0,\n            \"friction\": 0.6        }'\n        >\n        \n\n  <div class=\"banner has-hover\" id=\"banner-800558864\">\n          <div class=\"banner-inner fill\">\n        <div class=\"banner-bg fill\" >\n            <div class=\"bg fill bg-fill \"><\/div>\n                                    \n                    <\/div>\n\t\t\n        <div class=\"banner-layers container\">\n            <div class=\"fill banner-link\"><\/div>            \n        <\/div>\n      <\/div>\n\n            \n<style>\n#banner-800558864 {\n  padding-top: 600px;\n}\n#banner-800558864 .bg.bg-loaded {\n  background-image: url(https:\/\/www.ardafreze.com\/wp-content\/uploads\/2023\/09\/arda-frezere-banner-1.jpg);\n}\n#banner-800558864 .bg {\n  background-position: 39% 50%;\n}\n<\/style>\n  <\/div>\n\n\n\n  <div class=\"banner has-hover\" id=\"banner-779637813\">\n          <div class=\"banner-inner fill\">\n        <div class=\"banner-bg fill\" >\n            <div class=\"bg fill bg-fill \"><\/div>\n                                    \n                    <\/div>\n\t\t\n        <div class=\"banner-layers container\">\n            <div class=\"fill banner-link\"><\/div>            \n        <\/div>\n      <\/div>\n\n            \n<style>\n#banner-779637813 {\n  padding-top: 600px;\n}\n#banner-779637813 .bg.bg-loaded {\n  background-image: url(https:\/\/www.ardafreze.com\/wp-content\/uploads\/2023\/08\/banner-1.jpg);\n}\n#banner-779637813 .bg {\n  background-position: 42% 57%;\n}\n<\/style>\n  <\/div>\n\n\n\n  <div class=\"banner has-hover\" id=\"banner-671912961\">\n          <div class=\"banner-inner fill\">\n        <div class=\"banner-bg fill\" >\n            <div class=\"bg fill bg-fill \"><\/div>\n                                    \n                    <\/div>\n\t\t\n        <div class=\"banner-layers container\">\n            <div class=\"fill banner-link\"><\/div>            \n        <\/div>\n      <\/div>\n\n            \n<style>\n#banner-671912961 {\n  padding-top: 600px;\n}\n#banner-671912961 .bg.bg-loaded {\n  background-image: url(https:\/\/www.ardafreze.com\/wp-content\/uploads\/2023\/09\/arda-frezere-banner-3.jpg);\n}\n#banner-671912961 .bg {\n  background-position: 39% 50%;\n}\n<\/style>\n  <\/div>\n\n\n\n  <div class=\"banner has-hover\" id=\"banner-126239655\">\n          <div class=\"banner-inner fill\">\n        <div class=\"banner-bg fill\" >\n            <div class=\"bg fill bg-fill \"><\/div>\n                                    \n                    <\/div>\n\t\t\n        <div class=\"banner-layers container\">\n            <div class=\"fill banner-link\"><\/div>            \n        <\/div>\n      <\/div>\n\n            \n<style>\n#banner-126239655 {\n  padding-top: 600px;\n}\n#banner-126239655 .bg.bg-loaded {\n  background-image: url(https:\/\/www.ardafreze.com\/wp-content\/uploads\/2023\/08\/banner-2.jpg);\n}\n#banner-126239655 .bg {\n  background-position: 36% 54%;\n}\n<\/style>\n  <\/div>\n\n\n\n  <div class=\"banner has-hover\" id=\"banner-1794773869\">\n          <div class=\"banner-inner fill\">\n        <div class=\"banner-bg fill\" >\n            <div class=\"bg fill bg-fill \"><\/div>\n                                    \n                    <\/div>\n\t\t\n        <div class=\"banner-layers container\">\n            <div class=\"fill banner-link\"><\/div>            \n        <\/div>\n      <\/div>\n\n            \n<style>\n#banner-1794773869 {\n  padding-top: 600px;\n}\n#banner-1794773869 .bg.bg-loaded {\n  background-image: url(https:\/\/www.ardafreze.com\/wp-content\/uploads\/2023\/09\/arda-frezere-banner-5.jpg);\n}\n#banner-1794773869 .bg {\n  background-position: 39% 50%;\n}\n<\/style>\n  <\/div>\n\n\n\n  <div class=\"banner has-hover\" id=\"banner-1118956103\">\n          <div class=\"banner-inner fill\">\n        <div class=\"banner-bg fill\" >\n            <div class=\"bg fill bg-fill \"><\/div>\n                                    \n                    <\/div>\n\t\t\n        <div class=\"banner-layers container\">\n            <div class=\"fill banner-link\"><\/div>            \n        <\/div>\n      <\/div>\n\n            \n<style>\n#banner-1118956103 {\n  padding-top: 600px;\n}\n#banner-1118956103 .bg.bg-loaded {\n  background-image: url(https:\/\/www.ardafreze.com\/wp-content\/uploads\/2023\/08\/banner-3.jpg);\n}\n#banner-1118956103 .bg {\n  background-position: 36% 54%;\n}\n<\/style>\n  <\/div>\n\n\n     <\/div>\n\n     <div class=\"loading-spin dark large centered\"><\/div>\n\n\t<\/div>\n\n\n<div class=\"container section-title-container\" ><h3 class=\"section-title section-title-bold-center\"><b><\/b><span class=\"section-title-main\" style=\"font-size:undefined%;\">OUR SERVICES<\/span><b><\/b><\/h3><\/div>\n<div class=\"row row-box-shadow-1 row-box-shadow-5-hover\"  id=\"row-1624914401\">\n\n\t<div id=\"col-1731900166\" class=\"col medium-4 small-12 large-4\"  >\n\t\t\t\t<div class=\"col-inner\"  >\n\t\t\t\n\t\t\t\n\n  <div class=\"banner has-hover\" id=\"banner-2097970219\">\n          <div class=\"banner-inner fill\">\n        <div class=\"banner-bg fill\" >\n            <div class=\"bg fill bg-fill \"><\/div>\n                        <div class=\"overlay\"><\/div>            \n\t<div class=\"is-border is-dashed\"\n\t\tstyle=\"border-color:rgba(0, 0, 0, 0.16);border-width:1px 1px 1px 1px;margin:10px 10px 10px 10px;\">\n\t<\/div>\n                    <\/div>\n\t\t\n        <div class=\"banner-layers container\">\n            <a class=\"fill\" href=\"https:\/\/www.ardafreze.com\/en\/kategori\/product-and-services\/\" ><div class=\"fill banner-link\"><\/div><\/a>            \n   <div id=\"text-box-1343503642\" class=\"text-box banner-layer x50 md-x50 lg-x50 y50 md-y50 lg-y50 res-text\">\n                                <div class=\"text-box-content text dark\">\n              \n              <div class=\"text-inner text-center\">\n                  \n<h2 class=\"uppercase\"><a href=\"https:\/\/www.ardafreze.com\/en\/kategori\/product-and-services\/\"><span style=\"color: #ffffff;\"><strong>PRODUCT AND SERVICES<\/strong><\/span><\/a><\/h2>\n              <\/div>\n           <\/div>\n                            \n<style>\n#text-box-1343503642 {\n  width: 60%;\n}\n#text-box-1343503642 .text-box-content {\n  font-size: 100%;\n}\n@media (min-width:550px) {\n  #text-box-1343503642 {\n    width: 68%;\n  }\n}\n<\/style>\n    <\/div>\n \n        <\/div>\n      <\/div>\n\n            \n<style>\n#banner-2097970219 {\n  padding-top: 160px;\n}\n#banner-2097970219 .bg.bg-loaded {\n  background-image: url(https:\/\/www.ardafreze.com\/wp-content\/uploads\/2023\/08\/urunler.jpg);\n}\n#banner-2097970219 .overlay {\n  background-color: rgba(0, 0, 0, 0.06);\n}\n#banner-2097970219 .bg {\n  background-position: 43% 96%;\n}\n<\/style>\n  <\/div>\n\n\n\t\t<\/div>\n\t\t\t\t\t<\/div>\n\n\t\n\n\t<div id=\"col-1295344988\" class=\"col medium-4 small-12 large-4\"  >\n\t\t\t\t<div class=\"col-inner\"  >\n\t\t\t\n\t\t\t\n\n  <div class=\"banner has-hover\" id=\"banner-1753348971\">\n          <div class=\"banner-inner fill\">\n        <div class=\"banner-bg fill\" >\n            <div class=\"bg fill bg-fill \"><\/div>\n                        <div class=\"overlay\"><\/div>            \n\t<div class=\"is-border is-dashed\"\n\t\tstyle=\"border-color:rgba(0, 0, 0, 0.16);border-width:1px 1px 1px 1px;margin:10px 10px 10px 10px;\">\n\t<\/div>\n                    <\/div>\n\t\t\n        <div class=\"banner-layers container\">\n            <a class=\"fill\" href=\"https:\/\/www.ardafreze.com\/en\/kategori\/equipments\/\" ><div class=\"fill banner-link\"><\/div><\/a>            \n   <div id=\"text-box-922471468\" class=\"text-box banner-layer x50 md-x50 lg-x50 y50 md-y50 lg-y50 res-text\">\n                                <div class=\"text-box-content text dark\">\n              \n              <div class=\"text-inner text-center\">\n                  \n<h2 class=\"uppercase\"><a href=\"https:\/\/www.ardafreze.com\/en\/kategori\/equipments\/\"><span style=\"color: #ffffff;\"><b>EQUIPMENTS<\/b><\/span><\/a><\/h2>\n              <\/div>\n           <\/div>\n                            \n<style>\n#text-box-922471468 {\n  width: 60%;\n}\n#text-box-922471468 .text-box-content {\n  font-size: 100%;\n}\n@media (min-width:550px) {\n  #text-box-922471468 {\n    width: 68%;\n  }\n}\n<\/style>\n    <\/div>\n \n        <\/div>\n      <\/div>\n\n            \n<style>\n#banner-1753348971 {\n  padding-top: 160px;\n}\n#banner-1753348971 .bg.bg-loaded {\n  background-image: url(https:\/\/www.ardafreze.com\/wp-content\/uploads\/2023\/08\/ekipmanlar.jpg);\n}\n#banner-1753348971 .overlay {\n  background-color: rgba(0, 0, 0, 0.06);\n}\n#banner-1753348971 .bg {\n  background-position: 41% 100%;\n}\n<\/style>\n  <\/div>\n\n\n\t\t<\/div>\n\t\t\t\t\t<\/div>\n\n\t\n\n\t<div id=\"col-1635863566\" class=\"col medium-4 small-12 large-4\"  >\n\t\t\t\t<div class=\"col-inner\"  >\n\t\t\t\n\t\t\t\n\n  <div class=\"banner has-hover\" id=\"banner-2144649415\">\n          <div class=\"banner-inner fill\">\n        <div class=\"banner-bg fill\" >\n            <div class=\"bg fill bg-fill \"><\/div>\n                        <div class=\"overlay\"><\/div>            \n\t<div class=\"is-border is-dashed\"\n\t\tstyle=\"border-color:rgba(0, 0, 0, 0.16);border-width:1px 1px 1px 1px;margin:10px 10px 10px 10px;\">\n\t<\/div>\n                    <\/div>\n\t\t\n        <div class=\"banner-layers container\">\n            <a class=\"fill\" href=\"https:\/\/www.ardafreze.com\/en\/references\/\" ><div class=\"fill banner-link\"><\/div><\/a>            \n   <div id=\"text-box-1803203765\" class=\"text-box banner-layer x50 md-x50 lg-x50 y50 md-y50 lg-y50 res-text\">\n                                <div class=\"text-box-content text dark\">\n              \n              <div class=\"text-inner text-center\">\n                  \n<h2 class=\"uppercase\"><a href=\"https:\/\/www.ardafreze.com\/en\/references\/\"><span style=\"color: #ffffff;\"><strong>referENCES<\/strong><\/span><\/a><\/h2>\n              <\/div>\n           <\/div>\n                            \n<style>\n#text-box-1803203765 {\n  width: 60%;\n}\n#text-box-1803203765 .text-box-content {\n  font-size: 100%;\n}\n@media (min-width:550px) {\n  #text-box-1803203765 {\n    width: 68%;\n  }\n}\n<\/style>\n    <\/div>\n \n        <\/div>\n      <\/div>\n\n            \n<style>\n#banner-2144649415 {\n  padding-top: 160px;\n}\n#banner-2144649415 .bg.bg-loaded {\n  background-image: url(https:\/\/www.ardafreze.com\/wp-content\/uploads\/2023\/08\/referanslarimiz.jpg);\n}\n#banner-2144649415 .overlay {\n  background-color: rgba(0, 0, 0, 0.06);\n}\n#banner-2144649415 .bg {\n  background-position: 50% 42%;\n}\n<\/style>\n  <\/div>\n\n\n\t\t<\/div>\n\t\t\t\t\t<\/div>\n\n\t\n<\/div>\n<div class=\"container section-title-container\" ><h3 class=\"section-title section-title-bold-center\"><b><\/b><span class=\"section-title-main\" style=\"font-size:undefined%;\">Arda Freze DISLI ve Makine Sanayi<\/span><b><\/b><\/h3><\/div>\n<div class=\"row\"  id=\"row-1400439681\">\n\n\t<div id=\"col-957264745\" class=\"col small-12 large-12\"  >\n\t\t\t\t<div class=\"col-inner\"  >\n\t\t\t\n\t\t\t\n<p>Our company, which started its activities as Arda Freze in 1958, has a vast portfolio in the manufacturing of various spare parts, with a predominant focus on gear production. With over 60 years of industry knowledge and expertise, we can quickly respond to customer needs and produce highly functional products. We offer special deals for high-volume orders to meet the demands of our customers effectively.<\/p>\n\t\t<\/div>\n\t\t\t\t\t<\/div>\n\n\t\n<\/div>\n<div class=\"container section-title-container\" ><h3 class=\"section-title section-title-bold-center\"><b><\/b><span class=\"section-title-main\" style=\"font-size:undefined%;\">Our Supporters<\/span><b><\/b><\/h3><\/div>\n<div class=\"row\"  id=\"row-1856089559\">\n\n\t<div id=\"col-1796598074\" class=\"col medium-4 small-12 large-4\"  >\n\t\t\t\t<div class=\"col-inner\"  >\n\t\t\t\n\t\t\t\n\t<div class=\"box has-hover   has-hover box-text-bottom\" >\n\n\t\t<div class=\"box-image\" style=\"width:70%;\">\n\t\t\t\t\t\t<div class=\"\" >\n\t\t\t\t<img loading=\"lazy\" decoding=\"async\" width=\"257\" height=\"80\" src=\"https:\/\/www.ardafreze.com\/wp-content\/uploads\/2022\/10\/ticaret-bakanligi.png\" class=\"attachment- size-\" alt=\"\" \/>\t\t\t\t\t\t\t\t\t\t\t<\/div>\n\t\t\t\t\t<\/div>\n\n\t\t<div class=\"box-text text-center\" >\n\t\t\t<div class=\"box-text-inner\">\n\t\t\t\t\n\t\t\t<\/div>\n\t\t<\/div>\n\t<\/div>\n\t\n\t\t<\/div>\n\t\t\t\t\t<\/div>\n\n\t\n\n\t<div id=\"col-1626102750\" class=\"col medium-4 small-12 large-4\"  >\n\t\t\t\t<div class=\"col-inner\"  >\n\t\t\t\n\t\t\t\n\t<div class=\"box has-hover   has-hover box-text-bottom\" >\n\n\t\t<div class=\"box-image\" style=\"width:50%;\">\n\t\t\t\t\t\t<div class=\"\" >\n\t\t\t\t<img loading=\"lazy\" decoding=\"async\" width=\"107\" height=\"80\" src=\"https:\/\/www.ardafreze.com\/wp-content\/uploads\/2022\/10\/kosgeb.png\" class=\"attachment- size-\" alt=\"\" \/>\t\t\t\t\t\t\t\t\t\t\t<\/div>\n\t\t\t\t\t<\/div>\n\n\t\t<div class=\"box-text text-center\" >\n\t\t\t<div class=\"box-text-inner\">\n\t\t\t\t\n\t\t\t<\/div>\n\t\t<\/div>\n\t<\/div>\n\t\n\t\t<\/div>\n\t\t\t\t\t<\/div>\n\n\t\n\n\t<div id=\"col-430327026\" class=\"col medium-4 small-12 large-4\"  >\n\t\t\t\t<div class=\"col-inner\"  >\n\t\t\t\n\t\t\t\n\t<div class=\"box has-hover   has-hover box-text-bottom\" >\n\n\t\t<div class=\"box-image\" style=\"width:70%;\">\n\t\t\t\t\t\t<div class=\"\" >\n\t\t\t\t<img loading=\"lazy\" decoding=\"async\" width=\"250\" height=\"80\" src=\"https:\/\/www.ardafreze.com\/wp-content\/uploads\/2023\/02\/teknoloji-bakanligi.png\" class=\"attachment- size-\" alt=\"\" \/>\t\t\t\t\t\t\t\t\t\t\t<\/div>\n\t\t\t\t\t<\/div>\n\n\t\t<div class=\"box-text text-center\" >\n\t\t\t<div class=\"box-text-inner\">\n\t\t\t\t\n\t\t\t<\/div>\n\t\t<\/div>\n\t<\/div>\n\t\n\t\t<\/div>\n\t\t\t\t\t<\/div>\n\n\t\n<\/div>\n\n  <div class=\"banner has-hover has-parallax\" id=\"banner-1081200835\">\n          <div class=\"banner-inner fill\">\n        <div class=\"banner-bg fill\" data-parallax=\"-1\" data-parallax-container=\".banner\" data-parallax-background>\n            <div class=\"bg fill bg-fill \"><\/div>\n                        <div class=\"overlay\"><\/div>            \n\t<div class=\"is-border is-dashed\"\n\t\tstyle=\"border-color:rgba(255, 255, 255, 0.22);border-radius:undefinedpx;border-width:2px 0px 2px 0px;margin:10px 0px 10px 0px;\">\n\t<\/div>\n                    <\/div>\n\t\t\n        <div class=\"banner-layers container\">\n            <div class=\"fill banner-link\"><\/div>            \n   <div id=\"text-box-576609945\" class=\"text-box banner-layer x50 md-x50 lg-x50 y50 md-y50 lg-y50 res-text\">\n                                <div class=\"text-box-content text dark\">\n              \n              <div class=\"text-inner text-center\">\n                  \n<h3 class=\"uppercase\">NEWSLETTER<\/h3>\n<p class=\"thin-font\">Subscribe to Our Email Newsletter<\/p>\n\t<div id=\"gap-1229536199\" class=\"gap-element clearfix\" style=\"display:block; height:auto;\">\n\t\t\n<style>\n#gap-1229536199 {\n  padding-top: 32px;\n}\n<\/style>\n\t<\/div>\n\t\n\n<div class=\"wpcf7 no-js\" id=\"wpcf7-f692-o1\" lang=\"en-US\" dir=\"ltr\" data-wpcf7-id=\"692\">\n<div class=\"screen-reader-response\"><p role=\"status\" aria-live=\"polite\" aria-atomic=\"true\"><\/p> <ul><\/ul><\/div>\n<form action=\"\/en\/wp-json\/wp\/v2\/pages\/589#wpcf7-f692-o1\" method=\"post\" class=\"wpcf7-form init\" aria-label=\"Contact form\" novalidate=\"novalidate\" data-status=\"init\">\n<fieldset class=\"hidden-fields-container\"><input type=\"hidden\" name=\"_wpcf7\" value=\"692\" \/><input type=\"hidden\" name=\"_wpcf7_version\" value=\"6.1.5\" \/><input type=\"hidden\" name=\"_wpcf7_locale\" value=\"en_US\" \/><input type=\"hidden\" name=\"_wpcf7_unit_tag\" value=\"wpcf7-f692-o1\" \/><input type=\"hidden\" name=\"_wpcf7_container_post\" value=\"0\" \/><input type=\"hidden\" name=\"_wpcf7_posted_data_hash\" value=\"\" \/><input type=\"hidden\" name=\"_wpcf7_recaptcha_response\" value=\"\" \/>\n<\/fieldset>\n<div class=\"form-flat\">\n\t<p><span class=\"wpcf7-form-control-wrap\" data-name=\"your-email\"><input size=\"40\" maxlength=\"400\" class=\"wpcf7-form-control wpcf7-email wpcf7-validates-as-required wpcf7-text wpcf7-validates-as-email\" aria-required=\"true\" aria-invalid=\"false\" placeholder=\"e-mail address (required)\" value=\"\" type=\"email\" name=\"your-email\" \/><\/span><br \/>\n<input class=\"wpcf7-form-control wpcf7-submit has-spinner button\" type=\"submit\" value=\"Register\" \/>\n\t<\/p>\n<\/div><p style=\"display: none !important;\" class=\"akismet-fields-container\" data-prefix=\"_wpcf7_ak_\"><label>&#916;<textarea name=\"_wpcf7_ak_hp_textarea\" cols=\"45\" rows=\"8\" maxlength=\"100\"><\/textarea><\/label><input type=\"hidden\" id=\"ak_js_1\" name=\"_wpcf7_ak_js\" value=\"73\"\/><script>document.getElementById( \"ak_js_1\" ).setAttribute( \"value\", ( new Date() ).getTime() );<\/script><\/p><div class=\"wpcf7-response-output\" aria-hidden=\"true\"><\/div>\n<\/form>\n<\/div>\n\n              <\/div>\n           <\/div>\n                            \n<style>\n#text-box-576609945 {\n  width: 47%;\n}\n#text-box-576609945 .text-box-content {\n  font-size: 100%;\n}\n<\/style>\n    <\/div>\n \n        <\/div>\n      <\/div>\n\n            \n<style>\n#banner-1081200835 {\n  padding-top: 407px;\n  background-color: rgb(18, 18, 18);\n}\n#banner-1081200835 .bg.bg-loaded {\n  background-image: 8102;\n}\n#banner-1081200835 .overlay {\n  background-color: rgba(0, 0, 0, 0.36);\n}\n#banner-1081200835 .bg {\n  background-position: 79% 0%;\n}\n<\/style>\n  <\/div>\n\n\n<div class=\"container section-title-container\" ><h3 class=\"section-title section-title-bold-center\"><b><\/b><span class=\"section-title-main\" style=\"font-size:undefined%;\">News<\/span><b><\/b><\/h3><\/div>\n\n  \n    <div class=\"row large-columns-3 medium-columns- small-columns-1 has-shadow row-box-shadow-1 row-box-shadow-4-hover slider row-slider slider-nav-reveal slider-nav-push\"  data-flickity-options='{\"imagesLoaded\": true, \"groupCells\": \"100%\", \"dragThreshold\" : 5, \"cellAlign\": \"left\",\"wrapAround\": true,\"prevNextButtons\": true,\"percentPosition\": true,\"pageDots\": false, \"rightToLeft\": false, \"autoPlay\" : false}' >\n\n  <div class=\"col post-item\" >\n\t\t\t<div class=\"col-inner\">\n\t\t\t\t<div class=\"box box-text-bottom box-blog-post has-hover\">\n          \t\t\t\t\t<div class=\"box-text text-center\" >\n\t\t\t\t\t<div class=\"box-text-inner blog-post-inner\">\n\n\t\t\t\t\t\n\t\t\t\t\t\t\t\t\t\t<h5 class=\"post-title is-large \">\n\t\t\t\t\t\t<a href=\"https:\/\/www.ardafreze.com\/en\/arda-freze-disli-ve-makine-sanayi\/\" class=\"plain\">ARDA FREZE DISLI ve MAKINE SANAYI<\/a>\n\t\t\t\t\t<\/h5>\n\t\t\t\t\t<div class=\"post-meta is-small op-8\">20 November 2023<\/div>\t\t\t\t\t<div class=\"is-divider\"><\/div>\n\t\t\t\t\t\t\t\t\t\t<p class=\"from_the_blog_excerpt \">ARDA FREZE D\u0130\u015eL\u0130 ve MAK\u0130NE SANAY\u0130 Our company, which started its operations as Arda Freze [...]\t\t\t\t\t<\/p>\n\t\t\t\t\t                    \n\t\t\t\t\t\n\t\t\t\t\t\n\t\t\t\t\t<\/div>\n\t\t\t\t\t<\/div>\n\t\t\t\t\t\t\t\t\t<\/div>\n\t\t\t<\/div>\n\t\t<\/div><\/div>\n","protected":false},"excerpt":{"rendered":"","protected":false},"author":1,"featured_media":0,"parent":0,"menu_order":0,"comment_status":"closed","ping_status":"closed","template":"page-blank.php","meta":{"_themeisle_gutenberg_block_has_review":false,"_joinchat":[],"footnotes":""},"class_list":["post-589","page","type-page","status-publish","hentry"],"_links":{"self":[{"href":"https:\/\/www.ardafreze.com\/en\/wp-json\/wp\/v2\/pages\/589","targetHints":{"allow":["GET"]}}],"collection":[{"href":"https:\/\/www.ardafreze.com\/en\/wp-json\/wp\/v2\/pages"}],"about":[{"href":"https:\/\/www.ardafreze.com\/en\/wp-json\/wp\/v2\/types\/page"}],"author":[{"embeddable":true,"href":"https:\/\/www.ardafreze.com\/en\/wp-json\/wp\/v2\/users\/1"}],"replies":[{"embeddable":true,"href":"https:\/\/www.ardafreze.com\/en\/wp-json\/wp\/v2\/comments?post=589"}],"version-history":[{"count":17,"href":"https:\/\/www.ardafreze.com\/en\/wp-json\/wp\/v2\/pages\/589\/revisions"}],"predecessor-version":[{"id":696,"href":"https:\/\/www.ardafreze.com\/en\/wp-json\/wp\/v2\/pages\/589\/revisions\/696"}],"wp:attachment":[{"href":"https:\/\/www.ardafreze.com\/en\/wp-json\/wp\/v2\/media?parent=589"}],"curies":[{"name":"wp","href":"https:\/\/api.w.org\/{rel}","templated":true}]}}